{"id":1038,"date":"2026-04-03T14:07:58","date_gmt":"2026-04-03T14:07:58","guid":{"rendered":"https:\/\/izmagic.online\/?page_id=1038"},"modified":"2026-04-03T14:11:46","modified_gmt":"2026-04-03T14:11:46","slug":"nepalikt-tumsa","status":"publish","type":"page","link":"https:\/\/izmagic.online\/lv\/nepalikt-tumsa\/","title":{"rendered":"Nepalikt-tumsa"},"content":{"rendered":"<div data-elementor-type=\"wp-page\" data-elementor-id=\"1038\" class=\"elementor elementor-1038\">\n\t\t\t\t<div class=\"elementor-element elementor-element-1c4a70c e-flex e-con-boxed e-con e-parent\" data-id=\"1c4a70c\" data-element_type=\"container\">\n\t\t\t\t\t<div class=\"e-con-inner\">\n\t\t\t\t<div class=\"elementor-element elementor-element-ac6497b elementor-widget elementor-widget-heading\" data-id=\"ac6497b\" data-element_type=\"widget\" data-widget_type=\"heading.default\">\n\t\t\t\t<div class=\"elementor-widget-container\">\n\t\t\t\t\t<h2 class=\"elementor-heading-title elementor-size-default\">Ja Tu esi \u0161eit, tad visticam\u0101k, esi nopirkusi manu gr\u0101matu \"Nepalikt tums\u0101\". <br>Paldies Tev par to, un ceru, ka t\u0101 kop\u0101 ar \u0161\u012bm medit\u0101cij\u0101m, Tev krietni pal\u012bdz\u0113s Tav\u0101 s\u0113ru ce\u013c\u0101.<\/h2>\t\t\t\t<\/div>\n\t\t\t\t<\/div>\n\t\t\t\t\t<\/div>\n\t\t\t\t<\/div>\n\t\t<div class=\"elementor-element elementor-element-2638109 e-flex e-con-boxed e-con e-parent\" data-id=\"2638109\" data-element_type=\"container\">\n\t\t\t\t\t<div class=\"e-con-inner\">\n\t\t\t\t<div class=\"elementor-element elementor-element-db6d12f elementor-widget elementor-widget-text-editor\" data-id=\"db6d12f\" data-element_type=\"widget\" data-widget_type=\"text-editor.default\">\n\t\t\t\t<div class=\"elementor-widget-container\">\n\t\t\t\t\t\t\t\t\t<p>This content is available in Latvian only. These are bonus meditations for my book &#8220;Nepalikt tums\u0101&#8221; &#8211; guide through grief.<\/p>\t\t\t\t\t\t\t\t<\/div>\n\t\t\t\t<\/div>\n\t\t\t\t\t<\/div>\n\t\t\t\t<\/div>\n\t\t<div class=\"elementor-element elementor-element-69a8f85 e-flex e-con-boxed e-con e-parent\" data-id=\"69a8f85\" data-element_type=\"container\">\n\t\t\t\t\t<div class=\"e-con-inner\">\n\t\t\t\t<div class=\"elementor-element elementor-element-306410a elementor-widget elementor-widget-text-editor\" data-id=\"306410a\" data-element_type=\"widget\" data-widget_type=\"text-editor.default\">\n\t\t\t\t<div class=\"elementor-widget-container\">\n\t\t\t\t\t\t\t\t\t<p>Ja Tu esi piedz\u012bvojusi zaud\u0113jumu, un \u0161obr\u012bd ej cauri s\u0113r\u0101m, ir skaidrs, ka tas nav viegli, t\u0101p\u0113c zini, Tu neesi viena. Tev ir pieejama pal\u012bdz\u012bba.<\/p>\t\t\t\t\t\t\t\t<\/div>\n\t\t\t\t<\/div>\n\t\t\t\t\t<\/div>\n\t\t\t\t<\/div>\n\t\t<div class=\"elementor-element elementor-element-77f0b79 e-flex e-con-boxed e-con e-parent\" data-id=\"77f0b79\" data-element_type=\"container\">\n\t\t\t\t\t<div class=\"e-con-inner\">\n\t\t\t\t<div class=\"elementor-element elementor-element-247279c elementor-widget elementor-widget-text-editor\" data-id=\"247279c\" data-element_type=\"widget\" data-widget_type=\"text-editor.default\">\n\t\t\t\t<div class=\"elementor-widget-container\">\n\t\t\t\t\t\t\t\t\t<p>S\u0113ras nav vienk\u0101r\u0161i emocijas. s\u0113ras ir process, t\u0101 ir transform\u0113jo\u0161a pieredze, kas neatst\u0101j vienaldz\u012bgu.\u00a0<\/p><p>T\u0101 ir pieredze, kas ietekm\u0113 Tavu pr\u0101tu, Tavu \u0137ermeni, Tavu uztveri un sp\u0113ju priec\u0101ties un baud\u012bt dz\u012bvi.\u00a0<\/p><p>Reiz\u0113m s\u0113ras n\u0101k kop\u0101 ar fizisku saj\u016btu:<\/p><p>smagums kr\u016bt\u012bs<\/p><p>tuk\u0161uma saj\u016bta<\/p><p>nesp\u0113ks\u00a0<\/p><p>nogurums<\/p><p>vai saj\u016btu, ka dz\u012bve iet gar\u0101m<\/p><p>Laigan tas ir norm\u0101li un saprotami, tas nenoz\u012bm\u0113, ka ev nevajag sevi atbalst\u012bt un mekl\u0113t veidus k\u0101 atvieglot savu s\u0113ru pieredzi nevis ignor\u0113jot un apspie\u017eot, bet izj\u016btot un palai\u017eot.<\/p><p>T\u0101p\u0113c \u012bpa\u0161i Tev esmu rad\u012bjusi \u0161\u012bs pa\u0161hipnozes medit\u0101cijas. Klausies t\u0101s cik vien v\u0113lies, tad, kad saj\u016bti nepiecie\u0161am\u012bbu.<\/p><p>Zem\u0101k pievienotas ir 3 medit\u0101cijas.<\/p><p>1. Es \u013cauju sev s\u0113rot\u00a0<\/p><p>2. Tu neesi pamesta<\/p><p>3. Es dr\u012bkstu priec\u0101ties un dz\u012bvot piepild\u012btu dz\u012bvi<\/p>\t\t\t\t\t\t\t\t<\/div>\n\t\t\t\t<\/div>\n\t\t\t\t\t<\/div>\n\t\t\t\t<\/div>\n\t\t<div class=\"elementor-element elementor-element-5d355c2 e-flex e-con-boxed e-con e-parent\" data-id=\"5d355c2\" data-element_type=\"container\">\n\t\t\t\t\t<div class=\"e-con-inner\">\n\t\t\t\t<div class=\"elementor-element elementor-element-3a0f352 elementor-widget elementor-widget-video\" data-id=\"3a0f352\" data-element_type=\"widget\" data-settings=\"{&quot;youtube_url&quot;:&quot;https:\\\/\\\/youtu.be\\\/xe6excHVoJk&quot;,&quot;video_type&quot;:&quot;youtube&quot;,&quot;controls&quot;:&quot;yes&quot;}\" data-widget_type=\"video.default\">\n\t\t\t\t<div class=\"elementor-widget-container\">\n\t\t\t\t\t\t\t<div class=\"elementor-wrapper elementor-open-inline\">\n\t\t\t<div class=\"elementor-video\"><\/div>\t\t<\/div>\n\t\t\t\t\t\t<\/div>\n\t\t\t\t<\/div>\n\t\t\t\t\t<\/div>\n\t\t\t\t<\/div>\n\t\t<div class=\"elementor-element elementor-element-96079f3 e-flex e-con-boxed e-con e-parent\" data-id=\"96079f3\" data-element_type=\"container\">\n\t\t\t\t\t<div class=\"e-con-inner\">\n\t\t<div class=\"elementor-element elementor-element-8aaef55 e-con-full e-flex e-con e-child\" data-id=\"8aaef55\" data-element_type=\"container\">\n\t\t\t\t<div class=\"elementor-element elementor-element-2485de4 elementor-widget elementor-widget-text-editor\" data-id=\"2485de4\" data-element_type=\"widget\" data-widget_type=\"text-editor.default\">\n\t\t\t\t<div class=\"elementor-widget-container\">\n\t\t\t\t\t\t\t\t\t<p>Ja Tu sajuti izmai\u0146as noklausoties \u0161\u012bs medit\u0101cijas, tad es v\u0113los lai Tu zini, \u0161\u012bs medit\u0101cijas ir tikai s\u0101kums, ja Tu izv\u0113lies str\u0101d\u0101t tie\u0161i ar savu pieredzi man\u0101 transform\u0101cijas programm\u0101 s\u0113r\u0101m, ar t\u0101du pa\u0161u nosaukumu, k\u0101 manam s\u0113ru ce\u013cvedim &#8220;Nepalikt Tums\u0101&#8221;.<\/p><p>\u00a0<\/p><p>K\u0101p\u0113c izv\u0113l\u0113ties tie\u0161i mani? Jo es esmu pr\u0101ta un zemapzi\u0146as transform\u0101cijas mentors, kas ar izmai\u0146u terapiju ( IEMT, Mental space psychology, OldPain2Go) pal\u012bdz\u012bbu pati \u013coti veiksm\u012bgi izdz\u012bvoju sava v\u012bra zaud\u0113jumu, un jau 6 gadus pal\u012bdzu citiem transform\u0113t bailes, s\u0113ras un atbalst\u012bt da\u017e\u0101dos dz\u012bves p\u0101rejas posmos.<\/p>\t\t\t\t\t\t\t\t<\/div>\n\t\t\t\t<\/div>\n\t\t\t\t<\/div>\n\t\t<div class=\"elementor-element elementor-element-19e9275 e-con-full e-flex e-con e-child\" data-id=\"19e9275\" data-element_type=\"container\">\n\t\t\t\t<div class=\"elementor-element elementor-element-52fc3be elementor-widget elementor-widget-button\" data-id=\"52fc3be\" data-element_type=\"widget\" data-widget_type=\"button.default\">\n\t\t\t\t<div class=\"elementor-widget-container\">\n\t\t\t\t\t\t\t\t\t<div class=\"elementor-button-wrapper\">\n\t\t\t\t\t<a class=\"elementor-button elementor-button-link elementor-size-sm\" href=\"https:\/\/calendly.com\/inese-izmagic\/discovery-session\">\n\t\t\t\t\t\t<span class=\"elementor-button-content-wrapper\">\n\t\t\t\t\t\t\t\t\t<span class=\"elementor-button-text\">Piesakies iepaz\u012b\u0161an\u0101s sesijai \u0161eit<\/span>\n\t\t\t\t\t<\/span>\n\t\t\t\t\t<\/a>\n\t\t\t\t<\/div>\n\t\t\t\t\t\t\t\t<\/div>\n\t\t\t\t<\/div>\n\t\t\t\t<\/div>\n\t\t\t\t\t<\/div>\n\t\t\t\t<\/div>\n\t\t<div class=\"elementor-element elementor-element-0d1a79c e-flex e-con-boxed e-con e-parent\" data-id=\"0d1a79c\" data-element_type=\"container\">\n\t\t\t\t\t<div class=\"e-con-inner\">\n\t\t\t\t<div class=\"elementor-element elementor-element-e0df739 elementor-widget elementor-widget-text-editor\" data-id=\"e0df739\" data-element_type=\"widget\" data-widget_type=\"text-editor.default\">\n\t\t\t\t<div class=\"elementor-widget-container\">\n\t\t\t\t\t\t\t\t\t<p>Ja \u0161obr\u012bd esi nom\u0101kta, j\u016bties smagi, j\u016bties t\u0101, ka nekas ne\u0161\u0137iet norm\u0101li un saprotami, zini, ka tam t\u0101 nav j\u0101b\u016bt, tas ir process, kur\u0101 galvenais ir neiespr\u016bst, t\u0101p\u0113c mekl\u0113 pal\u012bdz\u012bbu un tici, ka pien\u0101ks diena, kad Tu jut\u012bsies priec\u012bgi un laim\u012bgi ( bez t\u0101 maz\u0101 d\u016briena sird\u012b ).Ta\u010du tas nenotiks pats no sevis, tikai t\u0101p\u0113c, ka paies laiks. T\u0101p\u0113c mekl\u0113 pal\u012bdz\u012bbu un m\u012bli, un cieni sevi! Tev noteikti izdosies!<\/p>\t\t\t\t\t\t\t\t<\/div>\n\t\t\t\t<\/div>\n\t\t\t\t\t<\/div>\n\t\t\t\t<\/div>\n\t\t\t\t<\/div>","protected":false},"excerpt":{"rendered":"<p>Ja Tu esi \u0161eit, tad visticam\u0101k, esi nopirkusi manu gr\u0101matu &#8220;Nepalikt tums\u0101&#8221;. Paldies Tev par to, un ceru, ka t\u0101 kop\u0101 ar \u0161\u012bm medit\u0101cij\u0101m, Tev krietni pal\u012bdz\u0113s Tav\u0101 s\u0113ru ce\u013c\u0101. This content is available in Latvian only. These are bonus meditations for my book &#8220;Nepalikt tums\u0101&#8221; &#8211; guide through grief. Ja Tu esi piedz\u012bvojusi zaud\u0113jumu, [&hellip;]<\/p>","protected":false},"author":0,"featured_media":0,"parent":0,"menu_order":0,"comment_status":"closed","ping_status":"closed","template":"","meta":{"two_page_speed":[],"footnotes":""},"class_list":["post-1038","page","type-page","status-publish","hentry"],"_links":{"self":[{"href":"https:\/\/izmagic.online\/lv\/wp-json\/wp\/v2\/pages\/1038","targetHints":{"allow":["GET"]}}],"collection":[{"href":"https:\/\/izmagic.online\/lv\/wp-json\/wp\/v2\/pages"}],"about":[{"href":"https:\/\/izmagic.online\/lv\/wp-json\/wp\/v2\/types\/page"}],"replies":[{"embeddable":true,"href":"https:\/\/izmagic.online\/lv\/wp-json\/wp\/v2\/comments?post=1038"}],"version-history":[{"count":0,"href":"https:\/\/izmagic.online\/lv\/wp-json\/wp\/v2\/pages\/1038\/revisions"}],"wp:attachment":[{"href":"https:\/\/izmagic.online\/lv\/wp-json\/wp\/v2\/media?parent=1038"}],"curies":[{"name":"wp","href":"https:\/\/api.w.org\/{rel}","templated":true}]}}