{"id":754,"date":"2024-10-04T08:53:30","date_gmt":"2024-10-04T08:53:30","guid":{"rendered":"https:\/\/izmagic.online\/?page_id=754"},"modified":"2026-02-20T18:44:52","modified_gmt":"2026-02-20T18:44:52","slug":"blog","status":"publish","type":"page","link":"https:\/\/izmagic.online\/lv\/blog\/","title":{"rendered":"Blogs"},"content":{"rendered":"<div data-elementor-type=\"wp-page\" data-elementor-id=\"754\" class=\"elementor elementor-754\">\n\t\t\t\t<div class=\"elementor-element elementor-element-48e6dd4e twbb_section e-flex e-con-boxed e-con e-parent\" data-id=\"48e6dd4e\" data-element_type=\"container\" data-settings=\"{&quot;background_background&quot;:&quot;classic&quot;,&quot;background_motion_fx_motion_fx_scrolling&quot;:&quot;yes&quot;,&quot;background_motion_fx_scale_effect&quot;:&quot;yes&quot;,&quot;background_motion_fx_scale_speed&quot;:{&quot;unit&quot;:&quot;px&quot;,&quot;size&quot;:7,&quot;sizes&quot;:[]},&quot;background_motion_fx_scale_direction&quot;:&quot;out-in&quot;,&quot;background_motion_fx_scale_range&quot;:{&quot;unit&quot;:&quot;%&quot;,&quot;size&quot;:&quot;&quot;,&quot;sizes&quot;:{&quot;start&quot;:20,&quot;end&quot;:80}},&quot;background_motion_fx_devices&quot;:[&quot;desktop&quot;,&quot;tablet&quot;,&quot;mobile&quot;]}\">\n\t\t\t\t\t<div class=\"e-con-inner\">\n\t\t\t\t<div class=\"elementor-element elementor-element-7b0d8071 elementor-widget__width-initial elementor-widget-tablet__width-initial elementor-widget-mobile__width-inherit twbb_cta-button-wrapper-left twbb_cta-valign-align-top twbb_cta-button-wrapper-left twbb_cta-button-wrapper-center twbb_cta-position-button-bottom twbb_cta-tablet-position-button-bottom twbb_cta-mobile-position-button-bottom elementor-invisible elementor-widget elementor-widget-twbb_call-to-action\" data-id=\"7b0d8071\" data-element_type=\"widget\" data-settings=\"{&quot;_animation&quot;:&quot;fadeInUp&quot;}\" data-widget_type=\"twbb_call-to-action.default\">\n\t\t\t\t<div class=\"elementor-widget-container\">\n\t\t\t\t\t    <div  class=\"twbb_cta-wrapper\">\n      <div class=\"twbb_cta-content-wrapper\">\n    <div class=\"twbb_cta-content-inner\">\n                <h1 class=\"twbb_cta-title\">P\u0101rveido savu dz\u012bvi ar IZMAGIC<\/h1>\n                    <div class=\"twbb_cta-description\">Atbr\u012bvojies no emocion\u0101l\u0101m traum\u0101m, ierobe\u017eojo\u0161iem uzskatiem un zemapzi\u0146as blokiem \u2014 vai ar\u012b lasi t\u0101l\u0101k, lai saprastu \"k\u0101p\u0113c\" un \"k\u0101\".<\/div>\n              <\/div>\n    <div class=\"twbb_cta-button-wrapper\">\n        <div class=\"twbb_cta-buttons\">\n              <div class=\"twbb_cta-button-item twbb_cta-button-item__one twbb_cta-button-enable-yes\">\n          <a href=\"https:\/\/izmagic.online\/lv\/services\/\" class=\"elementor-button twbb_cta-button elementor-size- twbb_cta-button__one\"            >Uzzini vair\u0101k<\/a>\n        <\/div>\n                    <div class=\"twbb_cta-button-item twbb_cta-button-item__two twbb_cta-button-enable-yes\">\n          <a href=\"https:\/\/izmagic.online\/lv\/about\/\" class=\"elementor-button twbb_cta-button elementor-size- twbb_cta-button__two\"            >S\u0101c \u0161eit            <\/a>\n        <\/div>\n                  <\/div>\n    <\/div>\n  <\/div>\n        <\/div>\n\t\t\t\t<\/div>\n\t\t\t\t<\/div>\n\t\t\t\t\t<\/div>\n\t\t\t\t<\/div>\n\t\t<div class=\"elementor-element elementor-element-3fdcc068 twbb_section e-flex e-con-boxed e-con e-parent\" data-id=\"3fdcc068\" data-element_type=\"container\">\n\t\t\t\t\t<div class=\"e-con-inner\">\n\t\t<div class=\"elementor-element elementor-element-6790114f e-con-full e-flex e-con e-child\" data-id=\"6790114f\" data-element_type=\"container\">\n\t\t\t\t<div class=\"elementor-element elementor-element-26e694fd elementor-widget__width-initial elementor-widget-tablet__width-initial elementor-widget-mobile__width-inherit elementor-invisible elementor-widget elementor-widget-heading\" data-id=\"26e694fd\" data-element_type=\"widget\" data-settings=\"{&quot;_animation&quot;:&quot;fadeInUp&quot;}\" data-widget_type=\"heading.default\">\n\t\t\t\t<div class=\"elementor-widget-container\">\n\t\t\t\t\t<h2 class=\"elementor-heading-title elementor-size-default\">Izp\u0113ti noder\u012bgus rakstus un medit\u0101cijas<\/h2>\t\t\t\t<\/div>\n\t\t\t\t<\/div>\n\t\t\t\t<div class=\"elementor-element elementor-element-597c2d44 elementor-widget__width-initial elementor-widget-tablet__width-initial elementor-widget-mobile__width-inherit elementor-invisible elementor-widget elementor-widget-text-editor\" data-id=\"597c2d44\" data-element_type=\"widget\" data-settings=\"{&quot;_animation&quot;:&quot;fadeInUp&quot;}\" data-widget_type=\"text-editor.default\">\n\t\t\t\t<div class=\"elementor-widget-container\">\n\t\t\t\t\t\t\t\t\t<p>Atkl\u0101j pirmos so\u013cus uz lab\u0101ku dz\u012bvi un piedz\u012bvo transform\u0101ciju ar IZMAGIC \u2014 izmanto iesp\u0113ju pieteikties bezmaksas iepaz\u012b\u0161an\u0101s sesijai, ikdienas ritu\u0101lu lap\u0101m liel\u0101kai apzin\u0101t\u012bbai vai \u012bsu, bet sp\u0113c\u012bgu medit\u0101ciju.<\/p>\t\t\t\t\t\t\t\t<\/div>\n\t\t\t\t<\/div>\n\t\t\t\t<\/div>\n\t\t<div class=\"elementor-element elementor-element-3bcde8d5 e-con-full e-flex e-con e-child\" data-id=\"3bcde8d5\" data-element_type=\"container\">\n\t\t\t\t<div class=\"elementor-element elementor-element-6fd0c04c elementor-widget__width-initial elementor-widget-tablet__width-initial elementor-widget-mobile__width-inherit twbb_cta-button-wrapper-left twbb_cta-valign-align-space_between twbb_cta-position-image-top twbb_cta-tablet-position-image-top twbb_cta-mobile-position-image-top twbb_cta-button-wrapper-left twbb_cta-button-wrapper-center twbb_cta-position-button-bottom twbb_cta-tablet-position-button-bottom twbb_cta-mobile-position-button-bottom elementor-invisible elementor-widget elementor-widget-twbb_call-to-action\" data-id=\"6fd0c04c\" data-element_type=\"widget\" data-settings=\"{&quot;_animation&quot;:&quot;fadeInUp&quot;}\" data-widget_type=\"twbb_call-to-action.default\">\n\t\t\t\t<div class=\"elementor-widget-container\">\n\t\t\t\t\t    <div  class=\"twbb_cta-wrapper\">\n                  <div class=\"twbb_cta-image-background-wrapper\">\n          <span class=\"twbb_cta-image-background-overlay\"><\/span>\n                            <div class=\"twbb_cta-image-html-tag\">\n                                            <img decoding=\"async\" src=\"\"  >\n                                    <\/div>\n                    <\/div>\n        <div class=\"twbb_cta-content-wrapper\">\n    <div class=\"twbb_cta-content-inner\">\n                <h5 class=\"twbb_cta-title\">K\u0101 atbr\u012bvoties no pag\u0101tnes traum\u0101m un s\u0101kt jaunu posmu dz\u012bv\u0113.<\/h5>\n                    <div class=\"twbb_cta-description\">Vai tev k\u0101dreiz ir bijusi saj\u016bta, ka esi iestr\u0113gusi pag\u0101tn\u0113?\nVarb\u016bt noteikti notikumi vai emocion\u0101las s\u0101pes joproj\u0101m it k\u0101 kontrol\u0113 tavu dz\u012bvi, ne\u013caujot tev doties uz priek\u0161u. T\u0101 ir piln\u012bgi saprotama saj\u016bta. M\u016bsu pag\u0101tnes traumas \u2014 gan fizisk\u0101s, gan emocion\u0101l\u0101s \u2014 var k\u013c\u016bt par neredzamu smagumu, kas liedz mums pilnv\u0113rt\u012bgi izbaud\u012bt dz\u012bvi.\n\nLab\u0101 zi\u0146a ir t\u0101da, ka ir veidi, k\u0101 \u0161o smagumu atlaist un beidzot s\u0101kt dz\u012bvot t\u0101, k\u0101 tu to patiesi v\u0113lies.\nT\u0101das metodes k\u0101 IEMT (Integral Eye Movement Therapy) un OldPain2Go, ko izmantoju sav\u0101 praks\u0113, pied\u0101v\u0101 \u0101tru un efekt\u012bvu veidu, k\u0101 atbr\u012bvot pr\u0101tu no pag\u0101tnes traum\u0101m un uzlabot dz\u012bves kvalit\u0101ti.\n\u0160\u012bs metodes darbojas, izmantojot tavas zemapzi\u0146as sp\u0113ku un dabisko sp\u0113ju dziedin\u0101t sevi. Bie\u017ei vien klientes izj\u016bt b\u016btiskus uzlabojumus jau p\u0113c p\u0101ris sesij\u0101m.\n\nKad m\u0113s dziedin\u0101m savas emocion\u0101l\u0101s br\u016bces un atlai\u017eam ierobe\u017eojo\u0161os uzskatus, kas m\u016bs kav\u0113, m\u0113s s\u0101kam justies br\u012bv\u0101k, ar liel\u0101ku p\u0101rliec\u012bbu un sp\u0113ku. Tas ir pirmais solis uz jaunu dz\u012bves posmu \u2014 piepild\u012btu ar iesp\u0113j\u0101m un sp\u0113ju dz\u012bvot savu patieso dz\u012bvi.\n\nJa esi gatava atlaist pag\u0101tnes s\u0101pes un ieiet sav\u0101 sp\u0113k\u0101, aicinu tevi uz bezmaksas iepaz\u012b\u0161an\u0101s sesiju tie\u0161saist\u0113, kur m\u0113s varam kop\u0101 s\u0101kt \u0161o dziedin\u0101\u0161anas ce\u013cu.<\/div>\n              <\/div>\n    <div class=\"twbb_cta-button-wrapper\">\n        <div class=\"twbb_cta-buttons\">\n              <div class=\"twbb_cta-button-item twbb_cta-button-item__one twbb_cta-button-enable-yes\">\n          <a href=\"#\" class=\"elementor-button twbb_cta-button elementor-size- twbb_cta-button__one\"            ><\/a>\n        <\/div>\n                    <div class=\"twbb_cta-button-item twbb_cta-button-item__two twbb_cta-button-enable-yes\">\n          <a href=\"https:\/\/calendly.com\/inese-izmagic\/discovery-session\" class=\"elementor-button twbb_cta-button elementor-size- twbb_cta-button__two\"            >Piesakies iepaz\u012b\u0161an\u0101s sesijai            <\/a>\n        <\/div>\n                  <\/div>\n    <\/div>\n  <\/div>\n        <\/div>\n\t\t\t\t<\/div>\n\t\t\t\t<\/div>\n\t\t\t\t<div class=\"elementor-element elementor-element-66c58067 elementor-widget__width-initial elementor-widget-tablet__width-initial elementor-widget-mobile__width-inherit twbb_cta-button-wrapper-left twbb_cta-valign-align-space_between twbb_cta-position-image-top twbb_cta-tablet-position-image-top twbb_cta-mobile-position-image-top twbb_cta-button-wrapper-left twbb_cta-button-wrapper-center twbb_cta-position-button-bottom twbb_cta-tablet-position-button-bottom twbb_cta-mobile-position-button-bottom elementor-invisible elementor-widget elementor-widget-twbb_call-to-action\" data-id=\"66c58067\" data-element_type=\"widget\" data-settings=\"{&quot;_animation&quot;:&quot;fadeInUp&quot;}\" data-widget_type=\"twbb_call-to-action.default\">\n\t\t\t\t<div class=\"elementor-widget-container\">\n\t\t\t\t\t    <div  class=\"twbb_cta-wrapper\">\n                  <div class=\"twbb_cta-image-background-wrapper\">\n          <span class=\"twbb_cta-image-background-overlay\"><\/span>\n                            <div class=\"twbb_cta-image-html-tag\">\n                                            <img decoding=\"async\" src=\"\"  >\n                                    <\/div>\n                    <\/div>\n        <div class=\"twbb_cta-content-wrapper\">\n    <div class=\"twbb_cta-content-inner\">\n                <h5 class=\"twbb_cta-title\">Medit\u0101cijas b\u016bs pieejamas dr\u012bzum\u0101<\/h5>\n                    <div class=\"twbb_cta-description\">Vienk\u0101r\u0161a, bet sp\u0113c\u012bga medit\u0101cija, lai sajustu savu sen\u010du un gar\u012bgo pavado\u0146u atbalstu ce\u013c\u0101 uz vislab\u0101ko dz\u012bvi.<\/div>\n              <\/div>\n    <div class=\"twbb_cta-button-wrapper\">\n        <div class=\"twbb_cta-buttons\">\n              <div class=\"twbb_cta-button-item twbb_cta-button-item__one twbb_cta-button-enable-yes\">\n          <a href=\"#\" class=\"elementor-button twbb_cta-button elementor-size- twbb_cta-button__one\"            ><\/a>\n        <\/div>\n                    <div class=\"twbb_cta-button-item twbb_cta-button-item__two twbb_cta-button-enable-yes\">\n          <a href=\"#\" class=\"elementor-button twbb_cta-button elementor-size- twbb_cta-button__two\"            >Uzzini vair\u0101k            <\/a>\n        <\/div>\n                  <\/div>\n    <\/div>\n  <\/div>\n        <\/div>\n\t\t\t\t<\/div>\n\t\t\t\t<\/div>\n\t\t\t\t<div class=\"elementor-element elementor-element-3c95732c elementor-widget__width-initial elementor-widget-tablet__width-initial elementor-widget-mobile__width-inherit twbb_cta-button-wrapper-left twbb_cta-valign-align-space_between twbb_cta-position-image-top twbb_cta-tablet-position-image-top twbb_cta-mobile-position-image-top twbb_cta-button-wrapper-left twbb_cta-button-wrapper-center twbb_cta-position-button-bottom twbb_cta-tablet-position-button-bottom twbb_cta-mobile-position-button-bottom elementor-invisible elementor-widget elementor-widget-twbb_call-to-action\" data-id=\"3c95732c\" data-element_type=\"widget\" data-settings=\"{&quot;_animation&quot;:&quot;fadeInUp&quot;}\" data-widget_type=\"twbb_call-to-action.default\">\n\t\t\t\t<div class=\"elementor-widget-container\">\n\t\t\t\t\t    <div  class=\"twbb_cta-wrapper\">\n                  <div class=\"twbb_cta-image-background-wrapper\">\n          <span class=\"twbb_cta-image-background-overlay\"><\/span>\n                            <div class=\"twbb_cta-image-html-tag\">\n                                            <img decoding=\"async\" src=\"\"  >\n                                    <\/div>\n                    <\/div>\n        <div class=\"twbb_cta-content-wrapper\">\n    <div class=\"twbb_cta-content-inner\">\n                <h5 class=\"twbb_cta-title\">R\u012bta - Vakara ritu\u0101lu lapas <\/h5>\n                    <div class=\"twbb_cta-description\">R\u012bta un vakara lappuses ir lielisks veids, k\u0101 ieviest strukt\u016bru sav\u0101 dien\u0101.\nIde\u0101li piem\u0113rotas ies\u0101c\u0113j\u0101m \"rakst\u012b\u0161an\u0101\".\nPiem\u0113rotas ar\u012b tad, ja tev nepat\u012bk daudz rakst\u012bt, bet v\u0113lies s\u0101kt r\u012bta un vakara rut\u012bnu, lai nostiprin\u0101tu saikni starp \u0137ermeni un pr\u0101tu, apzin\u0101tos, k\u0101 j\u016bties.\nVai vienk\u0101r\u0161i s\u0101ktu uz\u0146emties atbild\u012bbu par sav\u0101m emocij\u0101m un labsaj\u016btu.<\/div>\n              <\/div>\n    <div class=\"twbb_cta-button-wrapper\">\n        <div class=\"twbb_cta-buttons\">\n              <div class=\"twbb_cta-button-item twbb_cta-button-item__one twbb_cta-button-enable-yes\">\n          <a href=\"#\" class=\"elementor-button twbb_cta-button elementor-size- twbb_cta-button__one\"            ><\/a>\n        <\/div>\n                    <div class=\"twbb_cta-button-item twbb_cta-button-item__two twbb_cta-button-enable-yes\">\n          <a href=\"https:\/\/izmagic.online\/wp-content\/uploads\/2024\/10\/Daily-rituals.pdf\" class=\"elementor-button twbb_cta-button elementor-size- twbb_cta-button__two\"            >Download Here            <\/a>\n        <\/div>\n                  <\/div>\n    <\/div>\n  <\/div>\n        <\/div>\n\t\t\t\t<\/div>\n\t\t\t\t<\/div>\n\t\t\t\t<\/div>\n\t\t\t\t\t<\/div>\n\t\t\t\t<\/div>\n\t\t<div class=\"elementor-element elementor-element-f2af312 e-flex e-con-boxed e-con e-parent\" data-id=\"f2af312\" data-element_type=\"container\">\n\t\t\t\t\t<div class=\"e-con-inner\">\n\t\t\t\t<div class=\"elementor-element elementor-element-d2us4hr twbb_cta-position-image-left twbb_cta-tablet-position-image-top twbb_cta-mobile-position-image-top twbb_cta-valign-align-middle twbb_cta-button-wrapper-left twbb_cta-button-wrapper-center twbb_cta-button-wrapper-center twbb_cta-position-button-bottom twbb_cta-tablet-position-button-bottom twbb_cta-mobile-position-button-bottom elementor-widget elementor-widget-twbb_call-to-action\" data-id=\"d2us4hr\" data-element_type=\"widget\" data-widget_type=\"twbb_call-to-action.default\">\n\t\t\t\t<div class=\"elementor-widget-container\">\n\t\t\t\t\t    <a href=\"https:\/\/izmagic.online\/lv\/change-doesnt-have-to-take-long-and-be-painful\/\" target=\"_blank\" class=\"twbb_cta-wrapper\">\n                  <div class=\"twbb_cta-image-background-wrapper\">\n          <span class=\"twbb_cta-image-background-overlay\"><\/span>\n                                <div class=\"twbb_cta-image-background\" style=\"background-image: url(&quot;https:\/\/izmagic.online\/wp-content\/uploads\/2025\/05\/happy-clients-edited.webp&quot;);\"><\/div>\n                        <\/div>\n        <div class=\"twbb_cta-content-wrapper\">\n    <div class=\"twbb_cta-content-inner\">\n                <h2 class=\"twbb_cta-title\">Izmai\u0146\u0101m nav j\u0101b\u016bt ilgsto\u0161am un s\u0101p\u012bgam procesam.<\/h2>\n                    <div class=\"twbb_cta-description\">Atkl\u0101j, cik vieglas var b\u016bt p\u0101rmai\u0146as, ja t\u0101m pieej ar atv\u0113rtu pr\u0101tu un efekt\u012bv\u0101m metod\u0113m.<\/div>\n              <\/div>\n    <div class=\"twbb_cta-button-wrapper\">\n        <div class=\"twbb_cta-buttons\">\n              <div class=\"twbb_cta-button-item twbb_cta-button-item__one twbb_cta-button-enable-yes\">\n          <button class=\"elementor-button twbb_cta-button elementor-size- twbb_cta-button__one\"            >spied \u0161eit<\/button>\n        <\/div>\n                    <div class=\"twbb_cta-button-item twbb_cta-button-item__two twbb_cta-button-enable-no\">\n          <button class=\"elementor-button twbb_cta-button elementor-size- twbb_cta-button__two\"            >spied \u0161eit            <\/button>\n        <\/div>\n                  <\/div>\n    <\/div>\n  <\/div>\n        <\/a>\n\t\t\t\t<\/div>\n\t\t\t\t<\/div>\n\t\t\t\t\t<\/div>\n\t\t\t\t<\/div>\n\t\t<div class=\"elementor-element elementor-element-1b8d22e e-flex e-con-boxed e-con e-parent\" data-id=\"1b8d22e\" data-element_type=\"container\">\n\t\t\t\t\t<div class=\"e-con-inner\">\n\t\t\t\t<div class=\"elementor-element elementor-element-c5359e5 twbb_cta-position-image-left twbb_cta-tablet-position-image-top twbb_cta-mobile-position-image-top twbb_cta-valign-align-middle twbb_cta-button-wrapper-left twbb_cta-button-wrapper-center twbb_cta-button-wrapper-center twbb_cta-position-button-bottom twbb_cta-tablet-position-button-bottom twbb_cta-mobile-position-button-bottom elementor-widget elementor-widget-twbb_call-to-action\" data-id=\"c5359e5\" data-element_type=\"widget\" data-widget_type=\"twbb_call-to-action.default\">\n\t\t\t\t<div class=\"elementor-widget-container\">\n\t\t\t\t\t    <a href=\"https:\/\/izmagic.online\/lv\/6-steps-to-a-balanced-nervous-system\/\" target=\"_blank\" class=\"twbb_cta-wrapper\">\n                  <div class=\"twbb_cta-image-background-wrapper\">\n          <span class=\"twbb_cta-image-background-overlay\"><\/span>\n                                <div class=\"twbb_cta-image-background\" style=\"background-image: url(&quot;https:\/\/izmagic.online\/wp-content\/uploads\/2026\/02\/image_0-1024x701.webp&quot;);\"><\/div>\n                        <\/div>\n        <div class=\"twbb_cta-content-wrapper\">\n    <div class=\"twbb_cta-content-inner\">\n                <h2 class=\"twbb_cta-title\">6 so\u013ci l\u012bdz l\u012bdzsvarotai nervu sist\u0113mai<\/h2>\n                    <div class=\"twbb_cta-description\">Uzzini, kas tie\u0161i Tev ir nepiecie\u0161ams, lai justos mier\u012bgi un lai Tava nervu sist\u0113ma b\u016btu l\u012bdzsvar\u0101.\nK\u0101ds no so\u013ciem Tevi var pat p\u0101rsteigt.<\/div>\n              <\/div>\n    <div class=\"twbb_cta-button-wrapper\">\n        <div class=\"twbb_cta-buttons\">\n              <div class=\"twbb_cta-button-item twbb_cta-button-item__one twbb_cta-button-enable-yes\">\n          <button class=\"elementor-button twbb_cta-button elementor-size- twbb_cta-button__one\"            >spied \u0161eit<\/button>\n        <\/div>\n                    <div class=\"twbb_cta-button-item twbb_cta-button-item__two twbb_cta-button-enable-no\">\n          <button class=\"elementor-button twbb_cta-button elementor-size- twbb_cta-button__two\"            >spied \u0161eit            <\/button>\n        <\/div>\n                  <\/div>\n    <\/div>\n  <\/div>\n        <\/a>\n\t\t\t\t<\/div>\n\t\t\t\t<\/div>\n\t\t\t\t\t<\/div>\n\t\t\t\t<\/div>\n\t\t\t\t<\/div>","protected":false},"excerpt":{"rendered":"<p>Transform your life with IZMAGIC rid yourself from emotional trauma, limiting beliefs, subconscious blocks or read more to understand the &#8220;whys&#8221; and &#8220;hows&#8221; Learn More Get Started Explore useful reads and meditations Discover your first steps to a better life and experience transformation with IZMAGIC \u2013 enjoy a free discovery session, daily writing pages for [&hellip;]<\/p>","protected":false},"author":2,"featured_media":0,"parent":0,"menu_order":0,"comment_status":"closed","ping_status":"closed","template":"","meta":{"two_page_speed":[],"footnotes":""},"class_list":["post-754","page","type-page","status-publish","hentry"],"_links":{"self":[{"href":"https:\/\/izmagic.online\/lv\/wp-json\/wp\/v2\/pages\/754","targetHints":{"allow":["GET"]}}],"collection":[{"href":"https:\/\/izmagic.online\/lv\/wp-json\/wp\/v2\/pages"}],"about":[{"href":"https:\/\/izmagic.online\/lv\/wp-json\/wp\/v2\/types\/page"}],"author":[{"embeddable":true,"href":"https:\/\/izmagic.online\/lv\/wp-json\/wp\/v2\/users\/2"}],"replies":[{"embeddable":true,"href":"https:\/\/izmagic.online\/lv\/wp-json\/wp\/v2\/comments?post=754"}],"version-history":[{"count":0,"href":"https:\/\/izmagic.online\/lv\/wp-json\/wp\/v2\/pages\/754\/revisions"}],"wp:attachment":[{"href":"https:\/\/izmagic.online\/lv\/wp-json\/wp\/v2\/media?parent=754"}],"curies":[{"name":"wp","href":"https:\/\/api.w.org\/{rel}","templated":true}]}}